{"id":61,"date":"2025-07-14T15:36:23","date_gmt":"2025-07-14T13:36:23","guid":{"rendered":"https:\/\/sofa.ps.hu\/?page_id=61"},"modified":"2026-03-23T14:48:59","modified_gmt":"2026-03-23T13:48:59","slug":"szolgaltatasok","status":"publish","type":"page","link":"https:\/\/pdekm.wh.ps.hu\/en\/szolgaltatasok\/","title":{"rendered":"Szolg\u00e1ltat\u00e1sok"},"content":{"rendered":"<div class=\"wp-block-group has-global-padding is-layout-constrained wp-container-core-group-is-layout-b2082ebc wp-block-group-is-layout-constrained\" style=\"margin-top:0;margin-bottom:0;padding-top:100px;padding-right:20px;padding-bottom:100px;padding-left:20px\">\n<div class=\"wp-block-media-text is-stacked-on-mobile\"><figure class=\"wp-block-media-text__media\"><img loading=\"lazy\" decoding=\"async\" width=\"1024\" height=\"577\" src=\"https:\/\/pdekm.wh.ps.hu\/wp-content\/uploads\/2026\/03\/webshophoz2-1024x577.jpg\" alt=\"\" class=\"wp-image-313 size-full\" srcset=\"https:\/\/pdekm.wh.ps.hu\/wp-content\/uploads\/2026\/03\/webshophoz2-1024x577.jpg 1024w, https:\/\/pdekm.wh.ps.hu\/wp-content\/uploads\/2026\/03\/webshophoz2-300x169.jpg 300w, https:\/\/pdekm.wh.ps.hu\/wp-content\/uploads\/2026\/03\/webshophoz2-768x432.jpg 768w, https:\/\/pdekm.wh.ps.hu\/wp-content\/uploads\/2026\/03\/webshophoz2-1536x865.jpg 1536w, https:\/\/pdekm.wh.ps.hu\/wp-content\/uploads\/2026\/03\/webshophoz2-18x10.jpg 18w, https:\/\/pdekm.wh.ps.hu\/wp-content\/uploads\/2026\/03\/webshophoz2.jpg 2048w\" sizes=\"auto, (max-width: 1024px) 100vw, 1024px\" \/><\/figure><div class=\"wp-block-media-text__content\">\n<ul class=\"wp-block-list\">\n<li>lak\u00f3- \u00e9s egy\u00e9b nem lak\u00f3 ingatlanok gener\u00e1l kivitelez\u00e9se<\/li>\n\n\n\n<li>\u00fat\u00e9p\u00edt\u00e9s<\/li>\n\n\n\n<li>k\u00f6zm\u0171\u00e9p\u00edt\u00e9s<\/li>\n\n\n\n<li>szakipari munk\u00e1k (k\u0151m\u0171ves, \u00e1cs, fest\u0151, gipszkartonszerel\u0151 stb)<\/li>\n\n\n\n<li>felel\u0151s m\u0171szaki vezet\u00e9s \u00e9s m\u0171szaki ellen\u00f6rz\u00e9s<\/li>\n\n\n\n<li>m\u0171szaki el\u0151k\u00e9sz\u00edt\u00e9s<\/li>\n<\/ul>\n<\/div><\/div>\n<\/div>","protected":false},"excerpt":{"rendered":"","protected":false},"author":1,"featured_media":0,"parent":0,"menu_order":0,"comment_status":"closed","ping_status":"closed","template":"","meta":{"pgc_sgb_lightbox_settings":"","footnotes":""},"class_list":["post-61","page","type-page","status-publish","hentry"],"_links":{"self":[{"href":"https:\/\/pdekm.wh.ps.hu\/en\/wp-json\/wp\/v2\/pages\/61","targetHints":{"allow":["GET"]}}],"collection":[{"href":"https:\/\/pdekm.wh.ps.hu\/en\/wp-json\/wp\/v2\/pages"}],"about":[{"href":"https:\/\/pdekm.wh.ps.hu\/en\/wp-json\/wp\/v2\/types\/page"}],"author":[{"embeddable":true,"href":"https:\/\/pdekm.wh.ps.hu\/en\/wp-json\/wp\/v2\/users\/1"}],"replies":[{"embeddable":true,"href":"https:\/\/pdekm.wh.ps.hu\/en\/wp-json\/wp\/v2\/comments?post=61"}],"version-history":[{"count":6,"href":"https:\/\/pdekm.wh.ps.hu\/en\/wp-json\/wp\/v2\/pages\/61\/revisions"}],"predecessor-version":[{"id":315,"href":"https:\/\/pdekm.wh.ps.hu\/en\/wp-json\/wp\/v2\/pages\/61\/revisions\/315"}],"wp:attachment":[{"href":"https:\/\/pdekm.wh.ps.hu\/en\/wp-json\/wp\/v2\/media?parent=61"}],"curies":[{"name":"wp","href":"https:\/\/api.w.org\/{rel}","templated":true}]}}