{"id":3,"date":"2025-07-14T14:07:56","date_gmt":"2025-07-14T12:07:56","guid":{"rendered":"https:\/\/sofa.ps.hu\/?page_id=3"},"modified":"2026-03-24T15:41:05","modified_gmt":"2026-03-24T14:41:05","slug":"adatkezelesi-tajekoztato","status":"publish","type":"page","link":"https:\/\/pdekm.wh.ps.hu\/en\/adatkezelesi-tajekoztato\/","title":{"rendered":"Privacy Notice"},"content":{"rendered":"<p><strong><em>DATA PROCESSING NOTICE<\/em><\/strong><\/p>\n\n\n\n<p>\u00a0&#8230;<\/p>\n\n\n\n<div style=\"height:372px\" aria-hidden=\"true\" class=\"wp-block-spacer\"><\/div>","protected":false},"excerpt":{"rendered":"<p>ADATKEZEL\u00c9SI T\u00c1J\u00c9KOZTAT\u00d3 \u00a0&#8230;<\/p>","protected":false},"author":1,"featured_media":0,"parent":0,"menu_order":0,"comment_status":"closed","ping_status":"open","template":"","meta":{"pgc_sgb_lightbox_settings":"","footnotes":""},"class_list":["post-3","page","type-page","status-publish","hentry"],"_links":{"self":[{"href":"https:\/\/pdekm.wh.ps.hu\/en\/wp-json\/wp\/v2\/pages\/3","targetHints":{"allow":["GET"]}}],"collection":[{"href":"https:\/\/pdekm.wh.ps.hu\/en\/wp-json\/wp\/v2\/pages"}],"about":[{"href":"https:\/\/pdekm.wh.ps.hu\/en\/wp-json\/wp\/v2\/types\/page"}],"author":[{"embeddable":true,"href":"https:\/\/pdekm.wh.ps.hu\/en\/wp-json\/wp\/v2\/users\/1"}],"replies":[{"embeddable":true,"href":"https:\/\/pdekm.wh.ps.hu\/en\/wp-json\/wp\/v2\/comments?post=3"}],"version-history":[{"count":4,"href":"https:\/\/pdekm.wh.ps.hu\/en\/wp-json\/wp\/v2\/pages\/3\/revisions"}],"predecessor-version":[{"id":529,"href":"https:\/\/pdekm.wh.ps.hu\/en\/wp-json\/wp\/v2\/pages\/3\/revisions\/529"}],"wp:attachment":[{"href":"https:\/\/pdekm.wh.ps.hu\/en\/wp-json\/wp\/v2\/media?parent=3"}],"curies":[{"name":"wp","href":"https:\/\/api.w.org\/{rel}","templated":true}]}}